{"id":109,"date":"2025-09-18T21:21:25","date_gmt":"2025-09-18T21:21:25","guid":{"rendered":"https:\/\/la-sauce-ai.fr\/?page_id=109"},"modified":"2025-09-18T22:05:49","modified_gmt":"2025-09-18T22:05:49","slug":"nos-evenements","status":"publish","type":"page","link":"https:\/\/la-sauce-ai.fr\/index.php\/nos-evenements\/","title":{"rendered":"Nos \u00e9v\u00e8nements"},"content":{"rendered":"\n<figure class=\"wp-block-image aligncenter size-large is-resized\"><img loading=\"lazy\" decoding=\"async\" width=\"872\" height=\"1024\" src=\"https:\/\/la-sauce-ai.fr\/wp-content\/uploads\/2025\/09\/Banniere_Afterwork-872x1024.png\" alt=\"\" class=\"wp-image-128\" style=\"width:597px;height:auto\" srcset=\"https:\/\/la-sauce-ai.fr\/wp-content\/uploads\/2025\/09\/Banniere_Afterwork-872x1024.png 872w, https:\/\/la-sauce-ai.fr\/wp-content\/uploads\/2025\/09\/Banniere_Afterwork-255x300.png 255w, https:\/\/la-sauce-ai.fr\/wp-content\/uploads\/2025\/09\/Banniere_Afterwork-768x902.png 768w, https:\/\/la-sauce-ai.fr\/wp-content\/uploads\/2025\/09\/Banniere_Afterwork-1308x1536.png 1308w, https:\/\/la-sauce-ai.fr\/wp-content\/uploads\/2025\/09\/Banniere_Afterwork-1744x2048.png 1744w, https:\/\/la-sauce-ai.fr\/wp-content\/uploads\/2025\/09\/Banniere_Afterwork.png 1749w\" sizes=\"auto, (max-width: 872px) 100vw, 872px\" \/><\/figure>\n\n\n\n<div class=\"wp-block-columns is-layout-flex wp-container-core-columns-is-layout-28f84493 wp-block-columns-is-layout-flex\">\n<div class=\"wp-block-column is-layout-flow wp-block-column-is-layout-flow\" style=\"flex-basis:66.66%\">\n<figure class=\"wp-block-gallery has-nested-images columns-default is-cropped wp-block-gallery-1 is-layout-flex wp-block-gallery-is-layout-flex\">\n<figure class=\"wp-block-image size-large\"><img loading=\"lazy\" decoding=\"async\" width=\"768\" height=\"1024\" data-id=\"125\" src=\"http:\/\/la-sauce-ai.fr\/wp-content\/uploads\/2025\/09\/PXL_20250425_175054575-768x1024.jpg\" alt=\"\" class=\"wp-image-125\" srcset=\"https:\/\/la-sauce-ai.fr\/wp-content\/uploads\/2025\/09\/PXL_20250425_175054575-768x1024.jpg 768w, https:\/\/la-sauce-ai.fr\/wp-content\/uploads\/2025\/09\/PXL_20250425_175054575-225x300.jpg 225w, https:\/\/la-sauce-ai.fr\/wp-content\/uploads\/2025\/09\/PXL_20250425_175054575-1152x1536.jpg 1152w, https:\/\/la-sauce-ai.fr\/wp-content\/uploads\/2025\/09\/PXL_20250425_175054575-1536x2048.jpg 1536w, https:\/\/la-sauce-ai.fr\/wp-content\/uploads\/2025\/09\/PXL_20250425_175054575-scaled.jpg 1920w\" sizes=\"auto, (max-width: 768px) 100vw, 768px\" \/><\/figure>\n\n\n\n<figure class=\"wp-block-image size-large\"><img loading=\"lazy\" decoding=\"async\" width=\"768\" height=\"1024\" data-id=\"115\" src=\"https:\/\/la-sauce-ai.fr\/wp-content\/uploads\/2025\/09\/PXL_20250730_184532606-768x1024.jpg\" alt=\"\" class=\"wp-image-115\" srcset=\"https:\/\/la-sauce-ai.fr\/wp-content\/uploads\/2025\/09\/PXL_20250730_184532606-768x1024.jpg 768w, https:\/\/la-sauce-ai.fr\/wp-content\/uploads\/2025\/09\/PXL_20250730_184532606-225x300.jpg 225w, https:\/\/la-sauce-ai.fr\/wp-content\/uploads\/2025\/09\/PXL_20250730_184532606-1152x1536.jpg 1152w, https:\/\/la-sauce-ai.fr\/wp-content\/uploads\/2025\/09\/PXL_20250730_184532606.jpg 1284w\" sizes=\"auto, (max-width: 768px) 100vw, 768px\" \/><\/figure>\n<\/figure>\n<\/div>\n\n\n\n<div class=\"wp-block-column is-layout-flow wp-block-column-is-layout-flow\" style=\"flex-basis:33.33%\">\n<h2 class=\"wp-block-heading has-vivid-red-color has-text-color has-link-color has-round-8-font-family has-x-large-font-size wp-elements-d0634e150866d571d51192682e6ec67c\" style=\"font-style:italic;font-weight:500;line-height:0.8\">Afterwork cr\u00e9atif toutes les semaines<\/h2>\n\n\n\n<p>Retrouve nous le mercredi soir dans les caf\u00e9s toulousains pour de la cr\u00e9ativit\u00e9 un tapas \u00e0 la main<\/p>\n<\/div>\n<\/div>\n\n\n\n<div class=\"wp-block-columns is-layout-flex wp-container-core-columns-is-layout-28f84493 wp-block-columns-is-layout-flex\">\n<div class=\"wp-block-column is-layout-flow wp-block-column-is-layout-flow\" style=\"flex-basis:66.66%\">\n<h2 class=\"wp-block-heading has-vivid-red-color has-text-color has-link-color has-round-8-font-family has-x-large-font-size wp-elements-28bc2a183c57df2ce94ddb803c7d85dd\" style=\"font-style:italic;font-weight:500\">Portfolio et petits fours<\/h2>\n\n\n\n<p class=\"has-text-color has-link-color wp-elements-1f67a8b857f8d456eb4480f39498858a\" style=\"color:#5d5d5d\">Viens pr\u00e9senter ton boulot, nos sites ou n\u2019importe quoi et on se sauce entre nous avec des retours constructifs<\/p>\n\n\n\n<h2 class=\"wp-block-heading has-vivid-red-color has-text-color has-link-color has-round-8-font-family has-x-large-font-size wp-elements-045dbf6702578696fee185b3dfe7fbe3\" style=\"font-style:italic;font-weight:500\">BOEUF CR\u00c9ATIF<\/h2>\n\n\n\n<p class=\"has-text-color has-link-color wp-elements-5c80f8fc1dc77177ed2958c791414f92\" style=\"color:#5d5d5d\">Con\u00e7oit sans ordinateur un projet en deux heures, sur un th\u00e8me surr\u00e9aliste<\/p>\n<\/div>\n\n\n\n<div class=\"wp-block-column is-layout-flow wp-block-column-is-layout-flow\" style=\"flex-basis:33.33%\">\n<figure class=\"wp-block-image size-large is-resized has-custom-border\"><img loading=\"lazy\" decoding=\"async\" width=\"768\" height=\"1024\" src=\"http:\/\/la-sauce-ai.fr\/wp-content\/uploads\/2025\/09\/PXL_20250521_193742968-768x1024.jpg\" alt=\"\" class=\"wp-image-116\" style=\"border-radius:100px;width:254px;height:auto\" srcset=\"https:\/\/la-sauce-ai.fr\/wp-content\/uploads\/2025\/09\/PXL_20250521_193742968-768x1024.jpg 768w, https:\/\/la-sauce-ai.fr\/wp-content\/uploads\/2025\/09\/PXL_20250521_193742968-225x300.jpg 225w, https:\/\/la-sauce-ai.fr\/wp-content\/uploads\/2025\/09\/PXL_20250521_193742968-1152x1536.jpg 1152w, https:\/\/la-sauce-ai.fr\/wp-content\/uploads\/2025\/09\/PXL_20250521_193742968.jpg 1284w\" sizes=\"auto, (max-width: 768px) 100vw, 768px\" \/><\/figure>\n<\/div>\n<\/div>\n\n\n\n<div class=\"wp-block-columns is-layout-flex wp-container-core-columns-is-layout-28f84493 wp-block-columns-is-layout-flex\">\n<div class=\"wp-block-column is-layout-flow wp-block-column-is-layout-flow\" style=\"flex-basis:66.66%\">\n<figure class=\"wp-block-gallery has-nested-images columns-default is-cropped wp-block-gallery-2 is-layout-flex wp-block-gallery-is-layout-flex\">\n<figure class=\"wp-block-image size-large has-custom-border\"><img loading=\"lazy\" decoding=\"async\" width=\"1024\" height=\"768\" data-id=\"122\" src=\"https:\/\/la-sauce-ai.fr\/wp-content\/uploads\/2025\/09\/PXL_20250803_132939589.MP_-1024x768.jpg\" alt=\"\" class=\"wp-image-122\" style=\"border-radius:100px\" srcset=\"https:\/\/la-sauce-ai.fr\/wp-content\/uploads\/2025\/09\/PXL_20250803_132939589.MP_-1024x768.jpg 1024w, https:\/\/la-sauce-ai.fr\/wp-content\/uploads\/2025\/09\/PXL_20250803_132939589.MP_-300x225.jpg 300w, https:\/\/la-sauce-ai.fr\/wp-content\/uploads\/2025\/09\/PXL_20250803_132939589.MP_-768x576.jpg 768w, https:\/\/la-sauce-ai.fr\/wp-content\/uploads\/2025\/09\/PXL_20250803_132939589.MP_-1536x1152.jpg 1536w, https:\/\/la-sauce-ai.fr\/wp-content\/uploads\/2025\/09\/PXL_20250803_132939589.MP_-2048x1536.jpg 2048w\" sizes=\"auto, (max-width: 1024px) 100vw, 1024px\" \/><\/figure>\n\n\n\n<figure class=\"wp-block-image size-large\"><img loading=\"lazy\" decoding=\"async\" width=\"1024\" height=\"771\" data-id=\"124\" src=\"https:\/\/la-sauce-ai.fr\/wp-content\/uploads\/2025\/09\/WhatsApp-Image-2025-08-03-at-16.14.02-2-1024x771.jpeg\" alt=\"\" class=\"wp-image-124\" srcset=\"https:\/\/la-sauce-ai.fr\/wp-content\/uploads\/2025\/09\/WhatsApp-Image-2025-08-03-at-16.14.02-2-1024x771.jpeg 1024w, https:\/\/la-sauce-ai.fr\/wp-content\/uploads\/2025\/09\/WhatsApp-Image-2025-08-03-at-16.14.02-2-300x226.jpeg 300w, https:\/\/la-sauce-ai.fr\/wp-content\/uploads\/2025\/09\/WhatsApp-Image-2025-08-03-at-16.14.02-2-768x578.jpeg 768w, https:\/\/la-sauce-ai.fr\/wp-content\/uploads\/2025\/09\/WhatsApp-Image-2025-08-03-at-16.14.02-2-1536x1157.jpeg 1536w, https:\/\/la-sauce-ai.fr\/wp-content\/uploads\/2025\/09\/WhatsApp-Image-2025-08-03-at-16.14.02-2.jpeg 2040w\" sizes=\"auto, (max-width: 1024px) 100vw, 1024px\" \/><\/figure>\n<\/figure>\n<\/div>\n\n\n\n<div class=\"wp-block-column is-layout-flow wp-block-column-is-layout-flow\" style=\"flex-basis:33.33%\">\n<h2 class=\"wp-block-heading has-vivid-red-color has-text-color has-link-color has-round-8-font-family has-x-large-font-size wp-elements-c6b901d97409769198a433c40e54ddfb\" style=\"font-style:italic;font-weight:500\">Sauce Summer Camp<\/h2>\n\n\n\n<p class=\"has-text-color has-link-color wp-elements-817ca671b3700509550113d3c1e18f92\" style=\"color:#5d5d5d\">Participe au Week end semi-balade dessin\u00e9e, semi-destruction du patriarcat<\/p>\n<\/div>\n<\/div>\n\n\n\n<div class=\"wp-block-columns is-layout-flex wp-container-core-columns-is-layout-28f84493 wp-block-columns-is-layout-flex\">\n<div class=\"wp-block-column is-layout-flow wp-block-column-is-layout-flow\" style=\"flex-basis:66.66%\">\n<h2 class=\"wp-block-heading has-vivid-red-color has-text-color has-link-color has-round-8-font-family has-x-large-font-size wp-elements-c99477da3dc47ef46984c29b60c5bc2b\" style=\"font-style:italic;font-weight:500\">Brunch cr\u00e9atif<\/h2>\n\n\n\n<div class=\"wp-block-columns is-layout-flex wp-container-core-columns-is-layout-28f84493 wp-block-columns-is-layout-flex\">\n<div class=\"wp-block-column is-layout-flow wp-block-column-is-layout-flow\" style=\"flex-basis:66.66%\">\n<p class=\"has-text-color has-link-color wp-elements-3083b96e37e2f66bf85c392a9f81b39b\" style=\"color:#5d5d5d\">D\u00e9couvrez d\u2019autres cr\u00e9atives du coin et leurs parcours en toute douceur et bonnes pitances<\/p>\n<\/div>\n\n\n\n<div class=\"wp-block-column is-layout-flow wp-block-column-is-layout-flow\" style=\"flex-basis:33.33%\"><\/div>\n<\/div>\n<\/div>\n\n\n\n<div class=\"wp-block-column is-layout-flow wp-block-column-is-layout-flow\" style=\"flex-basis:33.33%\">\n<figure class=\"wp-block-image size-full has-custom-border\"><img loading=\"lazy\" decoding=\"async\" width=\"2282\" height=\"1712\" src=\"https:\/\/la-sauce-ai.fr\/wp-content\/uploads\/2025\/09\/PXL_20250802_082532210.MP_.jpg\" alt=\"\" class=\"wp-image-126\" style=\"border-style:none;border-width:0px;border-radius:100px\" srcset=\"https:\/\/la-sauce-ai.fr\/wp-content\/uploads\/2025\/09\/PXL_20250802_082532210.MP_.jpg 2282w, https:\/\/la-sauce-ai.fr\/wp-content\/uploads\/2025\/09\/PXL_20250802_082532210.MP_-300x225.jpg 300w, https:\/\/la-sauce-ai.fr\/wp-content\/uploads\/2025\/09\/PXL_20250802_082532210.MP_-1024x768.jpg 1024w, https:\/\/la-sauce-ai.fr\/wp-content\/uploads\/2025\/09\/PXL_20250802_082532210.MP_-768x576.jpg 768w, https:\/\/la-sauce-ai.fr\/wp-content\/uploads\/2025\/09\/PXL_20250802_082532210.MP_-1536x1152.jpg 1536w, https:\/\/la-sauce-ai.fr\/wp-content\/uploads\/2025\/09\/PXL_20250802_082532210.MP_-2048x1536.jpg 2048w\" sizes=\"auto, (max-width: 2282px) 100vw, 2282px\" \/><\/figure>\n<\/div>\n<\/div>\n\n\n\n<p><\/p>\n","protected":false},"excerpt":{"rendered":"<p>Afterwork cr\u00e9atif toutes les semaines Retrouve nous le mercredi soir dans les caf\u00e9s toulousains pour de la cr\u00e9ativit\u00e9 un tapas \u00e0 la main Portfolio et petits fours Viens pr\u00e9senter ton boulot, nos sites ou n\u2019importe quoi et on se sauce entre nous avec des retours constructifs BOEUF CR\u00c9ATIF Con\u00e7oit sans ordinateur un projet en deux [&hellip;]<\/p>\n","protected":false},"author":1,"featured_media":0,"parent":0,"menu_order":0,"comment_status":"closed","ping_status":"closed","template":"","meta":{"footnotes":""},"class_list":["post-109","page","type-page","status-publish","hentry"],"_links":{"self":[{"href":"https:\/\/la-sauce-ai.fr\/index.php\/wp-json\/wp\/v2\/pages\/109","targetHints":{"allow":["GET"]}}],"collection":[{"href":"https:\/\/la-sauce-ai.fr\/index.php\/wp-json\/wp\/v2\/pages"}],"about":[{"href":"https:\/\/la-sauce-ai.fr\/index.php\/wp-json\/wp\/v2\/types\/page"}],"author":[{"embeddable":true,"href":"https:\/\/la-sauce-ai.fr\/index.php\/wp-json\/wp\/v2\/users\/1"}],"replies":[{"embeddable":true,"href":"https:\/\/la-sauce-ai.fr\/index.php\/wp-json\/wp\/v2\/comments?post=109"}],"version-history":[{"count":5,"href":"https:\/\/la-sauce-ai.fr\/index.php\/wp-json\/wp\/v2\/pages\/109\/revisions"}],"predecessor-version":[{"id":129,"href":"https:\/\/la-sauce-ai.fr\/index.php\/wp-json\/wp\/v2\/pages\/109\/revisions\/129"}],"wp:attachment":[{"href":"https:\/\/la-sauce-ai.fr\/index.php\/wp-json\/wp\/v2\/media?parent=109"}],"curies":[{"name":"wp","href":"https:\/\/api.w.org\/{rel}","templated":true}]}}