{"id":2,"date":"2025-09-03T17:44:50","date_gmt":"2025-09-03T17:44:50","guid":{"rendered":"http:\/\/la-sauce-ai.fr\/?page_id=2"},"modified":"2025-09-18T21:19:29","modified_gmt":"2025-09-18T21:19:29","slug":"apropos","status":"publish","type":"page","link":"https:\/\/la-sauce-ai.fr\/index.php\/apropos\/","title":{"rendered":"\u00c0 propos"},"content":{"rendered":"\n<div style=\"height:14px\" aria-hidden=\"true\" class=\"wp-block-spacer\"><\/div>\n\n\n\n<div class=\"wp-block-columns is-layout-flex wp-container-core-columns-is-layout-28f84493 wp-block-columns-is-layout-flex\">\n<div class=\"wp-block-column is-layout-flow wp-block-column-is-layout-flow\" style=\"flex-basis:25%\"><\/div>\n\n\n\n<div class=\"wp-block-column is-layout-flow wp-block-column-is-layout-flow\" style=\"flex-basis:50%\">\n<figure class=\"wp-block-image aligncenter size-large is-resized has-custom-border\"><img loading=\"lazy\" decoding=\"async\" width=\"819\" height=\"1024\" src=\"http:\/\/la-sauce-ai.fr\/wp-content\/uploads\/2025\/09\/Nostetes-1-819x1024.png\" alt=\"\" class=\"wp-image-10\" style=\"border-style:none;border-width:0px;border-radius:100px;width:259px;height:auto\" srcset=\"https:\/\/la-sauce-ai.fr\/wp-content\/uploads\/2025\/09\/Nostetes-1-819x1024.png 819w, https:\/\/la-sauce-ai.fr\/wp-content\/uploads\/2025\/09\/Nostetes-1-240x300.png 240w, https:\/\/la-sauce-ai.fr\/wp-content\/uploads\/2025\/09\/Nostetes-1-768x960.png 768w, https:\/\/la-sauce-ai.fr\/wp-content\/uploads\/2025\/09\/Nostetes-1-1229x1536.png 1229w, https:\/\/la-sauce-ai.fr\/wp-content\/uploads\/2025\/09\/Nostetes-1.png 1278w\" sizes=\"auto, (max-width: 819px) 100vw, 819px\" \/><\/figure>\n<\/div>\n\n\n\n<div class=\"wp-block-column is-layout-flow wp-block-column-is-layout-flow\" style=\"flex-basis:25%\"><\/div>\n<\/div>\n\n\n\n<div class=\"wp-block-columns is-layout-flex wp-container-core-columns-is-layout-28f84493 wp-block-columns-is-layout-flex\">\n<div class=\"wp-block-column is-layout-flow wp-block-column-is-layout-flow\" style=\"flex-basis:25%\"><\/div>\n\n\n\n<div class=\"wp-block-column is-layout-flow wp-block-column-is-layout-flow\" style=\"flex-basis:50%\">\n<p class=\"has-text-align-center has-contrast-color has-text-color has-link-color has-bodoni-moda-font-family has-small-font-size wp-elements-a018e88769976febece6bed8b6dad850\">De droite \u00e0 gauche &#8211; Ang\u00e8le et Van <\/p>\n<\/div>\n\n\n\n<div class=\"wp-block-column is-layout-flow wp-block-column-is-layout-flow\" style=\"flex-basis:25%\"><\/div>\n<\/div>\n\n\n\n<h2 class=\"wp-block-heading has-text-align-center has-vivid-red-color has-text-color has-link-color has-round-8-font-family wp-elements-f99467e79a2c4dfa903b083d078f8c96\" style=\"font-size:clamp(36.518px, 2.282rem + ((1vw - 3.2px) * 3.175), 67px);font-style:italic;font-weight:500\">L\u2019histoire<\/h2>\n\n\n\n<p class=\"has-text-align-center has-white-color has-text-color has-link-color wp-elements-7cae1f73c88574e9a39b4f5baea50216\" style=\"font-size:clamp(14.082px, 0.88rem + ((1vw - 3.2px) * 0.721), 21px);letter-spacing:0px;line-height:1.4\">Deux graphistes toulousaines depuis plus de 10 ans, amies \u00e0 la ville comme au boulot, on s\u2019est confront\u00e9es au m\u00eame constat, les cr\u00e9atives ont une confiance en elle \u00e9clat\u00e9s malgr\u00e9 tout leur talent. Pourquoi a-t-on tant de mal \u00e0 parler de nous, \u00e0 se valoriser, \u00e0 se vendre. Alors aujourd&#8217;hui \u00e7a suffit ! On a voulu cr\u00e9er une association joyeuses de cr\u00e9atives pour cr\u00e9er des lieux communs et des \u00e9v\u00e8nements entre meufs. On s\u2019aide, on s\u2019apprend, on mange et surtout on se marre ensemble pour se donner la l\u00e9gitimit\u00e9 que ce Man\u2019s world nous donne pas.<\/p>\n\n\n\n<div class=\"wp-block-columns is-layout-flex wp-container-core-columns-is-layout-28f84493 wp-block-columns-is-layout-flex\">\n<div class=\"wp-block-column is-layout-flow wp-block-column-is-layout-flow\">\n<h2 class=\"wp-block-heading has-text-align-center has-text-color has-link-color has-round-8-font-family wp-elements-84a84c3cf760f29ff2688f4a9deb80a3\" style=\"color:#d5321b;font-size:clamp(36.518px, 2.282rem + ((1vw - 3.2px) * 3.175), 67px);font-style:italic;font-weight:500\">Nos valeurs<\/h2>\n<\/div>\n\n\n\n<div class=\"wp-block-column is-layout-flow wp-block-column-is-layout-flow\">\n<h2 class=\"wp-block-heading has-text-align-center has-text-color has-link-color has-round-8-font-family wp-elements-47be1e9d7a56bf5c5fffa0e8765cfe0e\" style=\"color:#d5321b;font-size:clamp(36.518px, 2.282rem + ((1vw - 3.2px) * 3.175), 67px);font-style:italic;font-weight:500\">Notre mission<\/h2>\n<\/div>\n<\/div>\n\n\n\n<div class=\"wp-block-columns is-layout-flex wp-container-core-columns-is-layout-28f84493 wp-block-columns-is-layout-flex\">\n<div class=\"wp-block-column is-layout-flow wp-block-column-is-layout-flow\">\n<p class=\"has-text-align-center has-white-color has-text-color has-link-color wp-elements-d35748d0498417509d3d796103105c59\">\u2022 Encourager les cr\u00e9atives \u00e0 prendre leur place <br>\u2022 Sensibiliser \u00e0 la sant\u00e9 mentale dans les m\u00e9tiers cr\u00e9atifs<\/p>\n<\/div>\n\n\n\n<div class=\"wp-block-column is-layout-flow wp-block-column-is-layout-flow\">\n<p class=\"has-text-align-center has-white-color has-text-color has-link-color wp-elements-391fc6765d19a2d0288189bd608efec2\">Sororit\u00e9 \/ Cr\u00e9ativit\u00e9 \/ Soutien \/ Lutte contre le syndrome de l\u2019imposteur<\/p>\n<\/div>\n<\/div>\n\n\n\n<p><\/p>\n","protected":false},"excerpt":{"rendered":"<p>De droite \u00e0 gauche &#8211; Ang\u00e8le et Van L\u2019histoire Deux graphistes toulousaines depuis plus de 10 ans, amies \u00e0 la ville comme au boulot, on s\u2019est confront\u00e9es au m\u00eame constat, les cr\u00e9atives ont une confiance en elle \u00e9clat\u00e9s malgr\u00e9 tout leur talent. Pourquoi a-t-on tant de mal \u00e0 parler de nous, \u00e0 se valoriser, \u00e0 [&hellip;]<\/p>\n","protected":false},"author":1,"featured_media":0,"parent":0,"menu_order":0,"comment_status":"closed","ping_status":"open","template":"","meta":{"footnotes":""},"class_list":["post-2","page","type-page","status-publish","hentry"],"_links":{"self":[{"href":"https:\/\/la-sauce-ai.fr\/index.php\/wp-json\/wp\/v2\/pages\/2","targetHints":{"allow":["GET"]}}],"collection":[{"href":"https:\/\/la-sauce-ai.fr\/index.php\/wp-json\/wp\/v2\/pages"}],"about":[{"href":"https:\/\/la-sauce-ai.fr\/index.php\/wp-json\/wp\/v2\/types\/page"}],"author":[{"embeddable":true,"href":"https:\/\/la-sauce-ai.fr\/index.php\/wp-json\/wp\/v2\/users\/1"}],"replies":[{"embeddable":true,"href":"https:\/\/la-sauce-ai.fr\/index.php\/wp-json\/wp\/v2\/comments?post=2"}],"version-history":[{"count":8,"href":"https:\/\/la-sauce-ai.fr\/index.php\/wp-json\/wp\/v2\/pages\/2\/revisions"}],"predecessor-version":[{"id":105,"href":"https:\/\/la-sauce-ai.fr\/index.php\/wp-json\/wp\/v2\/pages\/2\/revisions\/105"}],"wp:attachment":[{"href":"https:\/\/la-sauce-ai.fr\/index.php\/wp-json\/wp\/v2\/media?parent=2"}],"curies":[{"name":"wp","href":"https:\/\/api.w.org\/{rel}","templated":true}]}}